{"id":2361,"date":"2019-11-30T14:37:06","date_gmt":"2019-11-30T14:37:06","guid":{"rendered":"https:\/\/weingut-sauer.de\/allgemeine_geschaeftsbedingungen"},"modified":"2023-08-15T14:28:05","modified_gmt":"2023-08-15T14:28:05","slug":"allgemeine_geschaeftsbedingungen","status":"publish","type":"page","link":"https:\/\/weingut-sauer.de\/en\/allgemeine_geschaeftsbedingungen","title":{"rendered":"General Terms And Conditions"},"content":{"rendered":"<div data-elementor-type=\"wp-page\" data-elementor-id=\"2361\" class=\"elementor elementor-2361\" data-elementor-post-type=\"page\">\n\t\t\t\t\t\t<section class=\"elementor-section elementor-top-section elementor-element elementor-element-1355b183 elementor-section-boxed elementor-section-height-default elementor-section-height-default\" data-id=\"1355b183\" data-element_type=\"section\" data-e-type=\"section\">\n\t\t\t\t\t\t<div class=\"elementor-container elementor-column-gap-default\">\n\t\t\t\t\t<div class=\"elementor-column elementor-col-100 elementor-top-column elementor-element elementor-element-5ea4da\" data-id=\"5ea4da\" data-element_type=\"column\" data-e-type=\"column\">\n\t\t\t<div class=\"elementor-widget-wrap elementor-element-populated\">\n\t\t\t\t\t\t<div class=\"elementor-element elementor-element-349341d3 elementor-widget elementor-widget-text-editor\" data-id=\"349341d3\" data-element_type=\"widget\" data-e-type=\"widget\" data-widget_type=\"text-editor.default\">\n\t\t\t\t<div class=\"elementor-widget-container\">\n\t\t\t\t\t\t\t\t\t<p><span style=\"font-size: 14px;\">Allgemeine Gesch\u00e4ftsbedingungen der Weinhaus Sauer GbR, vertreten durch Monika und Heiner Sauer<\/span><\/p><p><b>Geltung gegen\u00fcber Unternehmern und Begriffsdefinitionen<\/b><\/p><ol style=\"margin-top: 0cm;\" start=\"1\" type=\"1\"><li>Die nachfolgenden Allgemeinen Gesch\u00e4ftsbedingungen gelten f\u00fcr alle Lieferungen zwischen uns\u00a0(Weingut Familie Sauer GbR\u00a0und einem Verbraucher in ihrer zum Zeitpunkt der Bestellung g\u00fcltigen Fassung.<\/li><li>\u201eVerbraucher\u201c in Sinne dieser Gesch\u00e4ftsbedingungen ist jede nat\u00fcrliche Person, die ein Rechtsgesch\u00e4ft zu einem Zwecke abschlie\u00dft, der weder ihrer gewerblichen noch ihrer selbst\u00e4ndigen beruflichen T\u00e4tigkeit zugerechnet werden kann.<\/li><li>F\u00fcr den Fall, dass der Kunde eigene, anders lautende AGB verwendet, werden diese nicht Vertragsbestandteil, sofern wir ihnen nicht schriftlich zugestimmt haben. Diese AGB umfassen s\u00e4mtliche Lieferungen und Leistungen im Zusammenhang mit der Lieferung von Weinen sowie etwaige Leistungsst\u00f6rungen im Verh\u00e4ltnis der Weinhaus Sauer GbR zum Kunden.<\/li><li>Sie als unser Kunde best\u00e4tigen vor jeder Bestellung von Weinen auf den jeweiligen Shopseiten\u00a0durch Anklicken der Schaltfl\u00e4che \u201cIch habe die Allgemeinen Gesch\u00e4ftsbedingungen gelesen und stimme ihnen zu\u201d, dass Sie diese AGB zur Kenntnis genommen haben und sie als bindend akzeptieren.<\/li><li>Sie verpflichten sich, das\/die Weineausschlie\u00dflich zum privaten Gebrauch zu erwerben und zu nutzen.\u00a0<\/li><\/ol><p><b>Zustandekommen eines Vertrages, Speicherung des Vertragstextes<\/b><\/p><ol style=\"margin-top: 0cm;\" start=\"1\" type=\"1\"><li>Die folgenden Regelungen \u00fcber den Vertragsabschluss gelten f\u00fcr Bestellungen \u00fcber unseren Internetshop https:\/\/weingut-sauer.de.<\/li><li>Im Falle des Vertragsschlusses kommt der Vertrag mit zustande.\u00a0<\/li><li>Die Pr\u00e4sentation der Waren in unserem Internetshop stellen kein rechtlich bindendes Vertragsangebot unsererseits dar, sondern sind nur eine unverbindliche Aufforderungen an den Verbraucher, Waren zu bestellen. Mit der Bestellung der gew\u00fcnschten Ware gibt der Verbraucher ein f\u00fcr ihn verbindliches Angebot auf Abschluss eines Kaufvertrages ab.<\/li><li>Wir behalten uns das Recht vor, Ihr Angebot ohne Angabe von Gr\u00fcnden abzulehnen.<\/li><li>Bei Eingang einer Bestellung in unserem Internetshop gelten folgende Regelungen: Der Verbraucher gibt ein bindendes Vertragsangebot ab, indem er die in unserem Internetshop vorgesehene Bestellprozedur erfolgreich durchl\u00e4uft.<\/li><\/ol><p>Die Bestellung erfolgt in folgenden Schritten:<\/p><p>(01) Gew\u00fcnschte Weinpaket eingeben<br \/>(02) Best\u00e4tigen durch Anklicken des Buttons \u201eIn Warenkorb legen\u201c<br \/>(03) Pr\u00fcfung der Angaben im Warenkorb \u201eWarenkorb anzeigen\u201c<br \/>(04) Bet\u00e4tigung des Buttons \u201eWeiter zu Zahlung und Versand\u201c<br \/>(05) Registrierung und Eingabe der Kundendaten (Name, Anschrift, Telefon, E-Mail-Adresse)<br \/>(06) Bet\u00e4tigung des Buttons \u201eWeiter zu Zahlung und Versand\u201c<br \/>(07) Versandart und Zahlungsart ausw\u00e4hlen<br \/>(08) Bet\u00e4tigung des Buttons \u201eWeiter zu den Allgemeine Gesch\u00e4ftsbedingungen\u201c<br \/>(09) Allgemeine Gesch\u00e4ftsbedingungen und Widerrufsbelehrung<br \/>(10) Best\u00e4tigung der Allgemeine Gesch\u00e4ftsbedingungen und Widerrufsbelehrung. Bet\u00e4tigung des Buttons \u201eWeiter zur Kasse\u201c<br \/>(11) Nochmalige Pr\u00fcfung der jeweiligen eingegebenen Daten.<br \/>(12) Verbindliche Absendung der Bestellung mit Bet\u00e4tigung des Buttons \u201eKaufen\u201c<br \/>Der Verbraucher kann vor dem verbindlichen Absenden der Bestellung durch Bet\u00e4tigen der in dem von ihm verwendeten Internet-Browser enthaltenen \u201eZur\u00fcck\u201c-Taste nach Kontrolle seiner Angaben wieder zu der Internetseite gelangen, auf der die Angaben des Kunden erfasst werden und Eingabefehler berichtigen bzw. durch Schlie\u00dfen des Internetbrowsers den Bestellvorgang abbrechen. Wir best\u00e4tigen den Eingang der Bestellung unmittelbar durch eine automatisch generierte E-Mail (\u201eAuftragsbest\u00e4tigung\u201c). Mit dieser\u00a0best\u00e4tigen\u00a0wir Ihr\u00a0den Erhalt des\u00a0Angebots.\u00a0<\/p><p>Speicherung des Vertragstextes bei Bestellungen \u00fcber unseren Internetshop: Wir senden Ihnen die Bestelldaten per E-Mail zu. Die AGB k\u00f6nnen Sie jederzeit auch unter <a href=\"https:\/\/weingut-sauer.de\/en\/allgemeine_geschaeftsbedingungen\/\">www.weingut-sauer.de\/agb<\/a> einsehen. Ihre Bestelldaten sind aus Sicherheitsgr\u00fcnden nicht mehr \u00fcber das Internet zug\u00e4nglich.<\/p><p><b>Preise, Versandkosten, Zahlung, F\u00e4lligkeit<\/b><\/p><ol style=\"margin-top: 0cm;\" start=\"1\" type=\"1\"><li>Die auf der Homepage ausgewiesenen Preise enthalten die Mehrwertsteuer.<\/li><li>Der Verbraucher hat die M\u00f6glichkeit der Zahlung per \u00dcberweisung (Vorkasse), der Direktzahlung durch Paypal oder per Rechnung.<\/li><li>Hat der Verbraucher die Zahlung per Vorkasse gew\u00e4hlt, so verpflichtet er sich, den Kaufpreis unverz\u00fcglich nach Vertragsschluss zu zahlen.<\/li><\/ol><p>Hierf\u00fcr steht dem Verbraucher folgende Kontoverbindung zur Verf\u00fcgung:<\/p><p><b>Name: Weinhaus Sauer GbR<br \/>Bank: Sparkasse S\u00dcW Landau<\/b><\/p><p><b>\u00a0<\/b><\/p><p><b>IBAN: DE03 5485 0010 1700 1403 51<br \/>BIC: SOLADES1SUW<\/b><\/p><p><b>Die Zahlungen per Paypal m\u00fcssen an die Mail-Adresse till.schneider@weingut-sauer.de entrichtet werden.<\/b><\/p><p>Bitte \u00fcberweisen Sie den Betrag unter Angabe Ihres Namens und der Bestellnummer auf unser Konto.<\/p><ol style=\"margin-top: 0cm;\" start=\"1\" type=\"1\"><li>F\u00fcr alle im Bestelldialog von Ihnen benannten Daten tragen Sie das alleinige Risiko.<\/li><li>Sie sind verpflichtet, Ihre Weinlieferung umgehend nach Erhalt, darauf zu \u00fcberpr\u00fcfen, ob diese mit Ihrer Bestellung \u00fcbereinstimmt und uns etwaige Abweichungen per E-Mail mitzuteilen. Wir werden dies umgehend pr\u00fcfen und Ihnen die bestellten Weine zusenden und die Abholung einer eventuellen Falschlieferung initiieren. Schadensersatzanspr\u00fcche des Kunden bleiben unber\u00fchrt.<\/li><\/ol><p><b>Lieferung<\/b><\/p><ol style=\"margin-top: 0cm;\" start=\"1\" type=\"1\"><li>Sofern wir dies in der Produktbeschreibung nicht deutlich anders angegeben haben, sind alle von uns angebotenen Artikel sofort versandfertig.<\/li><li>Hat der Verbraucher die Zahlung per Vorlasse (\u00dcberweisung) gew\u00e4hlt, so versenden wir die Ware nicht vor Zahlungseingang.<\/li><\/ol><p><b>Eigentumsvorbehalt<\/b><\/p><p>Wir liefern nur auf der Basis des nachstehend n\u00e4her geschilderten Eigentumsvorbehaltes. Dies gilt auch f\u00fcr alle zuk\u00fcnftigen Lieferungen, auch wenn wir uns nicht stets ausdr\u00fccklich hierauf berufen:<\/p><p>1. Wir behalten uns das Eigentum an der gelieferten Sache bis zur vollst\u00e4ndigen Zahlung s\u00e4mtlicher Forderungen aus dem Liefervertrag vor. Wir sind berechtigt, die Kaufsache zur\u00fcckzunehmen, wenn der K\u00e4ufer sich vertragswidrig verh\u00e4lt.<\/p><p>2. Der K\u00e4ufer ist verpflichtet, solange das Eigentum noch nicht auf ihn \u00fcbergegangen ist, die Kaufsache pfleglich zu behandeln. Solange das Eigentum noch nicht \u00fcbergegangen ist, hat uns der K\u00e4ufer unverz\u00fcglich schriftlich zu benachrichtigen, wenn der gelieferte Gegenstand gepf\u00e4ndet oder sonstigen Eingriffen Dritter ausgesetzt ist. Soweit der Dritte nicht in der Lage ist, uns die gerichtlichen und au\u00dfergerichtlichen Kosten einer Klage gem\u00e4\u00df \u00a7 771 ZPO zu erstatten, haftet der K\u00e4ufer f\u00fcr den uns entstandenen Ausfall.<\/p><p>3. Wir verpflichten uns, die uns zustehenden Sicherheiten auf Verlangen des K\u00e4ufers freizugeben, soweit ihr Wert die zu sichernden Forderungen um mehr als 20% \u00fcbersteigt.<\/p><p><b>Vertragsprache<\/b><\/p><p>Als Vertragssprache steht ausschlie\u00dflich Deutsch zur Verf\u00fcgung.<\/p><p><b>Haftung\/Gew\u00e4hrleistung<\/b><\/p><p>\u00a0Wir schlie\u00dfen unsere Haftung f\u00fcr leicht fahrl\u00e4ssige Pflichtverletzungen aus, sofern nicht Sch\u00e4den aus der Verletzung des Lebens, des K\u00f6rpers oder der Gesundheit oder Garantien betroffen oder Anspr\u00fcche nach dem Produkthaftungsgesetz ber\u00fchrt sind. Unber\u00fchrt bleibt ferner die Haftung f\u00fcr die Verletzung von Pflichten, deren Erf\u00fcllung die ordnungsgem\u00e4\u00dfe Durchf\u00fchrung des Vertrages \u00fcberhaupt erst erm\u00f6glicht und auf deren Einhaltung Sie als Kunde regelm\u00e4\u00dfig vertrauen d\u00fcrfen. Gleiches gilt f\u00fcr Pflichtverletzungen unserer Erf\u00fcllungsgehilfen.<\/p><p><b>Anwendbares Recht\/Gerichtsstand<\/b><\/p><ol style=\"margin-top: 0cm;\" start=\"1\" type=\"1\"><li>Soweit es sich beim Kunden nicht um einen Verbraucher handelt, ist ausschlie\u00dflich deutsches Recht unter Ausschluss des UN Kaufrechts anwendbar.<\/li><li>Erf\u00fcllungsort und Gerichtsstand ist Landau, soweit es sich bei dem Kunden um einen Kaufmann, eine juristische Person des \u00f6ffentlichen Rechts oder \u00f6ffentlich-rechtliches Sonderverm\u00f6gen handelt.<\/li><\/ol><p><b>Schlussbestimmungen<\/b><\/p><ol style=\"margin-top: 0cm;\" start=\"1\" type=\"1\"><li>Die Weinhaus Sauer GbR hat bis zum Zeitpunkt des Vertragsschlusses neben diesen AGB keine Vereinbarungen getroffen oder Zusagen gemacht, weder m\u00fcndlich noch schriftlich.<\/li><li>Sollten einzelne Klauseln dieser AGB ganz oder teilweise unwirksam oder nichtig sein, ber\u00fchrt dies die Wirksamkeit der anderen Klauseln nicht.<\/li><\/ol><p>Stand der AGB, Februar 2023<\/p>\t\t\t\t\t\t\t\t<\/div>\n\t\t\t\t<\/div>\n\t\t\t\t\t<\/div>\n\t\t<\/div>\n\t\t\t\t\t<\/div>\n\t\t<\/section>\n\t\t\t\t<\/div>","protected":false},"excerpt":{"rendered":"<p>Allgemeine Gesch\u00e4ftsbedingungen der Weinhaus Sauer GbR, vertreten durch Monika und Heiner Sauer Geltung gegen\u00fcber Unternehmern und Begriffsdefinitionen Die nachfolgenden Allgemeinen Gesch\u00e4ftsbedingungen gelten f\u00fcr alle Lieferungen zwischen uns\u00a0(Weingut Familie Sauer GbR\u00a0und einem Verbraucher in ihrer zum Zeitpunkt der Bestellung g\u00fcltigen Fassung. \u201eVerbraucher\u201c in Sinne dieser Gesch\u00e4ftsbedingungen ist jede nat\u00fcrliche Person, die ein Rechtsgesch\u00e4ft zu einem Zwecke [&hellip;]<\/p>\n","protected":false},"author":1,"featured_media":0,"parent":0,"menu_order":0,"comment_status":"closed","ping_status":"closed","template":"","meta":{"content-type":"","ocean_post_layout":"","ocean_both_sidebars_style":"","ocean_both_sidebars_content_width":0,"ocean_both_sidebars_sidebars_width":0,"ocean_sidebar":"0","ocean_second_sidebar":"0","ocean_disable_margins":"enable","ocean_add_body_class":"","ocean_shortcode_before_top_bar":"","ocean_shortcode_after_top_bar":"","ocean_shortcode_before_header":"","ocean_shortcode_after_header":"","ocean_has_shortcode":"","ocean_shortcode_after_title":"","ocean_shortcode_before_footer_widgets":"","ocean_shortcode_after_footer_widgets":"","ocean_shortcode_before_footer_bottom":"","ocean_shortcode_after_footer_bottom":"","ocean_display_top_bar":"default","ocean_display_header":"default","ocean_header_style":"","ocean_center_header_left_menu":"0","ocean_custom_header_template":"0","ocean_custom_logo":0,"ocean_custom_retina_logo":0,"ocean_custom_logo_max_width":0,"ocean_custom_logo_tablet_max_width":0,"ocean_custom_logo_mobile_max_width":0,"ocean_custom_logo_max_height":0,"ocean_custom_logo_tablet_max_height":0,"ocean_custom_logo_mobile_max_height":0,"ocean_header_custom_menu":"0","ocean_menu_typo_font_family":"0","ocean_menu_typo_font_subset":"","ocean_menu_typo_font_size":0,"ocean_menu_typo_font_size_tablet":0,"ocean_menu_typo_font_size_mobile":0,"ocean_menu_typo_font_size_unit":"px","ocean_menu_typo_font_weight":"","ocean_menu_typo_font_weight_tablet":"","ocean_menu_typo_font_weight_mobile":"","ocean_menu_typo_transform":"","ocean_menu_typo_transform_tablet":"","ocean_menu_typo_transform_mobile":"","ocean_menu_typo_line_height":0,"ocean_menu_typo_line_height_tablet":0,"ocean_menu_typo_line_height_mobile":0,"ocean_menu_typo_line_height_unit":"","ocean_menu_typo_spacing":0,"ocean_menu_typo_spacing_tablet":0,"ocean_menu_typo_spacing_mobile":0,"ocean_menu_typo_spacing_unit":"","ocean_menu_link_color":"","ocean_menu_link_color_hover":"","ocean_menu_link_color_active":"","ocean_menu_link_background":"","ocean_menu_link_hover_background":"","ocean_menu_link_active_background":"","ocean_menu_social_links_bg":"","ocean_menu_social_hover_links_bg":"","ocean_menu_social_links_color":"","ocean_menu_social_hover_links_color":"","ocean_disable_title":"default","ocean_disable_heading":"default","ocean_post_title":"","ocean_post_subheading":"","ocean_post_title_style":"","ocean_post_title_background_color":"","ocean_post_title_background":0,"ocean_post_title_bg_image_position":"","ocean_post_title_bg_image_attachment":"","ocean_post_title_bg_image_repeat":"","ocean_post_title_bg_image_size":"","ocean_post_title_height":0,"ocean_post_title_bg_overlay":0.5,"ocean_post_title_bg_overlay_color":"","ocean_disable_breadcrumbs":"default","ocean_breadcrumbs_color":"","ocean_breadcrumbs_separator_color":"","ocean_breadcrumbs_links_color":"","ocean_breadcrumbs_links_hover_color":"","ocean_display_footer_widgets":"default","ocean_display_footer_bottom":"default","ocean_custom_footer_template":"0","footnotes":""},"class_list":["post-2361","page","type-page","status-publish","hentry","entry","owp-thumbs-layout-horizontal","owp-btn-normal","owp-tabs-layout-horizontal","has-no-thumbnails","has-product-nav"],"aioseo_notices":[],"_links":{"self":[{"href":"https:\/\/weingut-sauer.de\/en\/wp-json\/wp\/v2\/pages\/2361","targetHints":{"allow":["GET"]}}],"collection":[{"href":"https:\/\/weingut-sauer.de\/en\/wp-json\/wp\/v2\/pages"}],"about":[{"href":"https:\/\/weingut-sauer.de\/en\/wp-json\/wp\/v2\/types\/page"}],"author":[{"embeddable":true,"href":"https:\/\/weingut-sauer.de\/en\/wp-json\/wp\/v2\/users\/1"}],"replies":[{"embeddable":true,"href":"https:\/\/weingut-sauer.de\/en\/wp-json\/wp\/v2\/comments?post=2361"}],"version-history":[{"count":5,"href":"https:\/\/weingut-sauer.de\/en\/wp-json\/wp\/v2\/pages\/2361\/revisions"}],"predecessor-version":[{"id":15525,"href":"https:\/\/weingut-sauer.de\/en\/wp-json\/wp\/v2\/pages\/2361\/revisions\/15525"}],"wp:attachment":[{"href":"https:\/\/weingut-sauer.de\/en\/wp-json\/wp\/v2\/media?parent=2361"}],"curies":[{"name":"wp","href":"https:\/\/api.w.org\/{rel}","templated":true}]}}