{"id":24826,"date":"2025-05-12T07:38:29","date_gmt":"2025-05-12T07:38:29","guid":{"rendered":"https:\/\/weingut-sauer.de\/produkt\/cuvee-wild-wunderbar"},"modified":"2026-04-06T16:24:32","modified_gmt":"2026-04-06T16:24:32","slug":"cuvee-wild-wunderbar","status":"publish","type":"product","link":"https:\/\/weingut-sauer.de\/en\/product\/cuvee-wild-wunderbar","title":{"rendered":"Cuv\u00e9e Wild &#038; Wunderbar"},"content":{"rendered":"<p>Diese Wei\u00dfweincuv\u00e9e vereint fruchtige Aromen von Kiwi, Birne, gelbem Apfel und Ananas.<br \/>\nDas Ganze pr\u00e4sentiert sich am Gaumen frisch-fruchtig mit einer dezenten S\u00e4ure, sodass der Wein bei aller Frische trotzdem ein weiches, angenehm rundes Vergn\u00fcgen ist. Unbedingt probieren!<br \/>\nDer R\u00fcckgang von Pflanzen-, Insekten- und Vogelarten geh\u00f6rt neben dem Klimawandel zu den brennenden Themen unserer Zeit. Wir wollen dieser Entwicklung entgegenwirken! Jede Flasche unserer Wei\u00dfwein-Cuv\u00e9e Wild &amp; Wunderbar die \u00abAktion S\u00fcdpfalz- Biotope\u00bb mit 0,50 \u20ac.<br \/>\nDie \u00abAktion S\u00fcdpfalz-Biotope\u00bb der Stiftung des Naturschutzverbandes S\u00fcdpfalz (NVS) setzt sich mit viel ehrenamtlichem Engagement f\u00fcr die \u00f6kologische Aufwertung und Pflege von Fl\u00e4chen in unserer Kulturlandschaft ein. Damit tr\u00e4gt sie ma\u00dfgeblich zur Steigerung der Biodiversit\u00e4t und der Stabilisierung des Naturhaushalts in unserem Lebensraum S\u00fcdpfalz und dar\u00fcber hinaus bei.<\/p>","protected":false},"excerpt":{"rendered":"<p>Genie\u00dfen und Gutes tun mit unserer frischen und fruchtigen Wei\u00dfwein-Cuv\u00e9e.<\/p>","protected":false},"featured_media":25932,"comment_status":"open","ping_status":"closed","template":"","meta":{"content-type":"","ocean_post_layout":"","ocean_both_sidebars_style":"","ocean_both_sidebars_content_width":0,"ocean_both_sidebars_sidebars_width":0,"ocean_sidebar":"0","ocean_second_sidebar":"0","ocean_disable_margins":"enable","ocean_add_body_class":"","ocean_shortcode_before_top_bar":"","ocean_shortcode_after_top_bar":"","ocean_shortcode_before_header":"","ocean_shortcode_after_header":"","ocean_has_shortcode":"","ocean_shortcode_after_title":"","ocean_shortcode_before_footer_widgets":"","ocean_shortcode_after_footer_widgets":"","ocean_shortcode_before_footer_bottom":"","ocean_shortcode_after_footer_bottom":"","ocean_display_top_bar":"default","ocean_display_header":"default","ocean_header_style":"","ocean_center_header_left_menu":"0","ocean_custom_header_template":"0","ocean_custom_logo":0,"ocean_custom_retina_logo":0,"ocean_custom_logo_max_width":0,"ocean_custom_logo_tablet_max_width":0,"ocean_custom_logo_mobile_max_width":0,"ocean_custom_logo_max_height":0,"ocean_custom_logo_tablet_max_height":0,"ocean_custom_logo_mobile_max_height":0,"ocean_header_custom_menu":"0","ocean_menu_typo_font_family":"0","ocean_menu_typo_font_subset":"","ocean_menu_typo_font_size":0,"ocean_menu_typo_font_size_tablet":0,"ocean_menu_typo_font_size_mobile":0,"ocean_menu_typo_font_size_unit":"px","ocean_menu_typo_font_weight":"","ocean_menu_typo_font_weight_tablet":"","ocean_menu_typo_font_weight_mobile":"","ocean_menu_typo_transform":"","ocean_menu_typo_transform_tablet":"","ocean_menu_typo_transform_mobile":"","ocean_menu_typo_line_height":0,"ocean_menu_typo_line_height_tablet":0,"ocean_menu_typo_line_height_mobile":0,"ocean_menu_typo_line_height_unit":"","ocean_menu_typo_spacing":0,"ocean_menu_typo_spacing_tablet":0,"ocean_menu_typo_spacing_mobile":0,"ocean_menu_typo_spacing_unit":"","ocean_menu_link_color":"","ocean_menu_link_color_hover":"","ocean_menu_link_color_active":"","ocean_menu_link_background":"","ocean_menu_link_hover_background":"","ocean_menu_link_active_background":"","ocean_menu_social_links_bg":"","ocean_menu_social_hover_links_bg":"","ocean_menu_social_links_color":"","ocean_menu_social_hover_links_color":"","ocean_disable_title":"default","ocean_disable_heading":"default","ocean_post_title":"","ocean_post_subheading":"","ocean_post_title_style":"","ocean_post_title_background_color":"","ocean_post_title_background":0,"ocean_post_title_bg_image_position":"","ocean_post_title_bg_image_attachment":"","ocean_post_title_bg_image_repeat":"","ocean_post_title_bg_image_size":"","ocean_post_title_height":0,"ocean_post_title_bg_overlay":0.5,"ocean_post_title_bg_overlay_color":"","ocean_disable_breadcrumbs":"default","ocean_breadcrumbs_color":"","ocean_breadcrumbs_separator_color":"","ocean_breadcrumbs_links_color":"","ocean_breadcrumbs_links_hover_color":"","ocean_display_footer_widgets":"default","ocean_display_footer_bottom":"default","ocean_custom_footer_template":"0"},"product_brand":[],"product_cat":[107,63],"product_tag":[],"class_list":{"0":"post-24826","1":"product","2":"type-product","3":"status-publish","4":"has-post-thumbnail","6":"product_cat-alle-weine","7":"product_cat-cuvees","9":"entry","10":"has-media","12":"first","13":"instock","14":"taxable","15":"shipping-taxable","16":"purchasable","17":"product-type-simple","18":"has-product-nav","19":"col","20":"span_1_of_3","21":"owp-content-center","22":"owp-thumbs-layout-horizontal","23":"owp-btn-normal","24":"owp-tabs-layout-horizontal","25":"has-no-thumbnails"},"aioseo_notices":[],"_links":{"self":[{"href":"https:\/\/weingut-sauer.de\/en\/wp-json\/wp\/v2\/product\/24826","targetHints":{"allow":["GET"]}}],"collection":[{"href":"https:\/\/weingut-sauer.de\/en\/wp-json\/wp\/v2\/product"}],"about":[{"href":"https:\/\/weingut-sauer.de\/en\/wp-json\/wp\/v2\/types\/product"}],"replies":[{"embeddable":true,"href":"https:\/\/weingut-sauer.de\/en\/wp-json\/wp\/v2\/comments?post=24826"}],"wp:featuredmedia":[{"embeddable":true,"href":"https:\/\/weingut-sauer.de\/en\/wp-json\/wp\/v2\/media\/25932"}],"wp:attachment":[{"href":"https:\/\/weingut-sauer.de\/en\/wp-json\/wp\/v2\/media?parent=24826"}],"wp:term":[{"taxonomy":"product_brand","embeddable":true,"href":"https:\/\/weingut-sauer.de\/en\/wp-json\/wp\/v2\/product_brand?post=24826"},{"taxonomy":"product_cat","embeddable":true,"href":"https:\/\/weingut-sauer.de\/en\/wp-json\/wp\/v2\/product_cat?post=24826"},{"taxonomy":"product_tag","embeddable":true,"href":"https:\/\/weingut-sauer.de\/en\/wp-json\/wp\/v2\/product_tag?post=24826"}],"curies":[{"name":"wp","href":"https:\/\/api.w.org\/{rel}","templated":true}]}}